{"id":9618,"date":"2017-07-17T07:18:18","date_gmt":"2017-07-17T07:18:18","guid":{"rendered":"https:\/\/www.tomatex.cz\/kontakty\/"},"modified":"2025-07-11T10:29:16","modified_gmt":"2025-07-11T10:29:16","slug":"kontakty-2","status":"publish","type":"page","link":"https:\/\/www.tomatex.cz\/en\/kontakty-2\/","title":{"rendered":"Kontakty"},"content":{"rendered":"<p><strong>TOMATEX Otrokovice, a.s.<\/strong><\/p>\n<p>Industrial area TOMA, building 48<br \/>t\u0159. Tom\u00e1\u0161e Bati 1678<br \/>765 02 Otrokovice<br \/>Czech republic<\/p>\n<p>I\u010cO:&nbsp;255 82 232<br \/>DI\u010c: CZ 255 82 232<\/p>\n<p>Registered in Krajsk\u00e9m Soud\u011b in Brno, selection B, insert no. 3040, day 16.12.1999<\/p>\n<p><\/p>\n<p><em>Contact us:<\/em><\/p>\n<p><strong>E-mail:&nbsp;<a href=\"mailto:tomatex@tomatex.cz\" data-mce-href=\"mailto:tomatex@tomatex.cz\">tomatex@tomatex.cz<\/a><\/strong><\/p>\n","protected":false},"excerpt":{"rendered":"TOMATEX Otrokovice, a.s. Industrial area TOMA, building 48t\u0159. Tom\u00e1\u0161e Bati 1678765 02 OtrokoviceCzech republic I\u010cO:&nbsp;255 82 232DI\u010c: CZ 255 82 232 Registered in Krajsk\u00e9m Soud\u011b in Brno, selection B, insert no. 3040, day 16.12.1999 Contact us: E-mail:&nbsp;tomatex@tomatex.cz","protected":false},"author":1,"featured_media":9317,"parent":0,"menu_order":0,"comment_status":"closed","ping_status":"closed","template":"template-contact.php","meta":{"_acf_changed":false,"footnotes":""},"class_list":["post-9618","page","type-page","status-publish","has-post-thumbnail","hentry"],"acf":[],"yoast_head":"<!-- This site is optimized with the Yoast SEO plugin v27.5 - https:\/\/yoast.com\/product\/yoast-seo-wordpress\/ -->\n<title>Industrial area TOMA, t\u0159. Tom\u00e1\u0161e Bati 1678 | TOMATEX Contact<\/title>\n<meta name=\"description\" content=\"TOMATEX Otrokovice, a.s., Industrial area TOMA, building 48, t\u0159. Tom\u00e1\u0161e Bati 1678765 02 Otrokovice. I\u010cO: 255 82 232, Tel: +420 577 662 277\" \/>\n<meta name=\"robots\" content=\"index, follow, max-snippet:-1, max-image-preview:large, max-video-preview:-1\" \/>\n<link rel=\"canonical\" href=\"https:\/\/www.tomatex.cz\/en\/kontakty-2\/\" \/>\n<meta property=\"og:locale\" content=\"en_US\" \/>\n<meta property=\"og:type\" content=\"article\" \/>\n<meta property=\"og:title\" content=\"Industrial area TOMA, t\u0159. Tom\u00e1\u0161e Bati 1678 | TOMATEX Contact\" \/>\n<meta property=\"og:description\" content=\"TOMATEX Otrokovice, a.s., Industrial area TOMA, building 48, t\u0159. Tom\u00e1\u0161e Bati 1678765 02 Otrokovice. I\u010cO: 255 82 232, Tel: +420 577 662 277\" \/>\n<meta property=\"og:url\" content=\"https:\/\/www.tomatex.cz\/en\/kontakty-2\/\" \/>\n<meta property=\"og:site_name\" content=\"Tomatex\" \/>\n<meta property=\"article:modified_time\" content=\"2025-07-11T10:29:16+00:00\" \/>\n<meta property=\"og:image\" content=\"https:\/\/www.tomatex.cz\/wp-content\/uploads\/2020\/07\/tomatex-redesign_en-1.png\" \/>\n\t<meta property=\"og:image:width\" content=\"604\" \/>\n\t<meta property=\"og:image:height\" content=\"430\" \/>\n\t<meta property=\"og:image:type\" content=\"image\/png\" \/>\n<meta name=\"twitter:card\" content=\"summary_large_image\" \/>\n<meta name=\"twitter:title\" content=\"Industrial area TOMA, t\u0159. Tom\u00e1\u0161e Bati 1678 | TOMATEX Contact\" \/>\n<meta name=\"twitter:description\" content=\"TOMATEX Otrokovice, a.s., Industrial area TOMA, building 48, t\u0159. Tom\u00e1\u0161e Bati 1678765 02 Otrokovice. I\u010cO: 255 82 232, Tel: +420 577 662 277\" \/>\n<meta name=\"twitter:image\" content=\"https:\/\/www.tomatex.cz\/wp-content\/uploads\/2020\/04\/tomatex_aboutus.png\" \/>\n<meta name=\"twitter:label1\" content=\"Est. reading time\" \/>\n\t<meta name=\"twitter:data1\" content=\"1 minute\" \/>\n<!-- \/ Yoast SEO plugin. -->","yoast_head_json":{"title":"Industrial area TOMA, t\u0159. Tom\u00e1\u0161e Bati 1678 | TOMATEX Contact","description":"TOMATEX Otrokovice, a.s., Industrial area TOMA, building 48, t\u0159. Tom\u00e1\u0161e Bati 1678765 02 Otrokovice. I\u010cO: 255 82 232, Tel: +420 577 662 277","robots":{"index":"index","follow":"follow","max-snippet":"max-snippet:-1","max-image-preview":"max-image-preview:large","max-video-preview":"max-video-preview:-1"},"canonical":"https:\/\/www.tomatex.cz\/en\/kontakty-2\/","og_locale":"en_US","og_type":"article","og_title":"Industrial area TOMA, t\u0159. Tom\u00e1\u0161e Bati 1678 | TOMATEX Contact","og_description":"TOMATEX Otrokovice, a.s., Industrial area TOMA, building 48, t\u0159. Tom\u00e1\u0161e Bati 1678765 02 Otrokovice. I\u010cO: 255 82 232, Tel: +420 577 662 277","og_url":"https:\/\/www.tomatex.cz\/en\/kontakty-2\/","og_site_name":"Tomatex","article_modified_time":"2025-07-11T10:29:16+00:00","og_image":[{"width":604,"height":430,"url":"https:\/\/www.tomatex.cz\/wp-content\/uploads\/2020\/07\/tomatex-redesign_en-1.png","type":"image\/png"}],"twitter_card":"summary_large_image","twitter_title":"Industrial area TOMA, t\u0159. Tom\u00e1\u0161e Bati 1678 | TOMATEX Contact","twitter_description":"TOMATEX Otrokovice, a.s., Industrial area TOMA, building 48, t\u0159. Tom\u00e1\u0161e Bati 1678765 02 Otrokovice. I\u010cO: 255 82 232, Tel: +420 577 662 277","twitter_image":"https:\/\/www.tomatex.cz\/wp-content\/uploads\/2020\/04\/tomatex_aboutus.png","twitter_misc":{"Est. reading time":"1 minute"},"schema":{"@context":"https:\/\/schema.org","@graph":[{"@type":"WebPage","@id":"https:\/\/www.tomatex.cz\/en\/kontakty-2\/","url":"https:\/\/www.tomatex.cz\/en\/kontakty-2\/","name":"Industrial area TOMA, t\u0159. Tom\u00e1\u0161e Bati 1678 | TOMATEX Contact","isPartOf":{"@id":"https:\/\/www.tomatex.cz\/en\/#website"},"primaryImageOfPage":{"@id":"https:\/\/www.tomatex.cz\/en\/kontakty-2\/#primaryimage"},"image":{"@id":"https:\/\/www.tomatex.cz\/en\/kontakty-2\/#primaryimage"},"thumbnailUrl":"https:\/\/www.tomatex.cz\/wp-content\/uploads\/2017\/07\/pobocka-blur.jpg","datePublished":"2017-07-17T07:18:18+00:00","dateModified":"2025-07-11T10:29:16+00:00","description":"TOMATEX Otrokovice, a.s., Industrial area TOMA, building 48, t\u0159. Tom\u00e1\u0161e Bati 1678765 02 Otrokovice. I\u010cO: 255 82 232, Tel: +420 577 662 277","breadcrumb":{"@id":"https:\/\/www.tomatex.cz\/en\/kontakty-2\/#breadcrumb"},"inLanguage":"en-US","potentialAction":[{"@type":"ReadAction","target":["https:\/\/www.tomatex.cz\/en\/kontakty-2\/"]}]},{"@type":"ImageObject","inLanguage":"en-US","@id":"https:\/\/www.tomatex.cz\/en\/kontakty-2\/#primaryimage","url":"https:\/\/www.tomatex.cz\/wp-content\/uploads\/2017\/07\/pobocka-blur.jpg","contentUrl":"https:\/\/www.tomatex.cz\/wp-content\/uploads\/2017\/07\/pobocka-blur.jpg","width":1920,"height":319},{"@type":"BreadcrumbList","@id":"https:\/\/www.tomatex.cz\/en\/kontakty-2\/#breadcrumb","itemListElement":[{"@type":"ListItem","position":1,"name":"[:en]Home[:cs]Home[:]","item":"https:\/\/www.tomatex.cz\/en\/"},{"@type":"ListItem","position":2,"name":"Kontakty"}]},{"@type":"WebSite","@id":"https:\/\/www.tomatex.cz\/en\/#website","url":"https:\/\/www.tomatex.cz\/en\/","name":"Tomatex","description":"Ka\u0161\u00edrov\u00e1n\u00ed, laminace, slepov\u00e1n\u00ed, vysek\u00e1v\u00e1n\u00ed, \u0161it\u00ed pro automotive","potentialAction":[{"@type":"SearchAction","target":{"@type":"EntryPoint","urlTemplate":"https:\/\/www.tomatex.cz\/en\/?s={search_term_string}"},"query-input":{"@type":"PropertyValueSpecification","valueRequired":true,"valueName":"search_term_string"}}],"inLanguage":"en-US"}]}},"_links":{"self":[{"href":"https:\/\/www.tomatex.cz\/en\/wp-json\/wp\/v2\/pages\/9618","targetHints":{"allow":["GET"]}}],"collection":[{"href":"https:\/\/www.tomatex.cz\/en\/wp-json\/wp\/v2\/pages"}],"about":[{"href":"https:\/\/www.tomatex.cz\/en\/wp-json\/wp\/v2\/types\/page"}],"author":[{"embeddable":true,"href":"https:\/\/www.tomatex.cz\/en\/wp-json\/wp\/v2\/users\/1"}],"replies":[{"embeddable":true,"href":"https:\/\/www.tomatex.cz\/en\/wp-json\/wp\/v2\/comments?post=9618"}],"version-history":[{"count":7,"href":"https:\/\/www.tomatex.cz\/en\/wp-json\/wp\/v2\/pages\/9618\/revisions"}],"predecessor-version":[{"id":10445,"href":"https:\/\/www.tomatex.cz\/en\/wp-json\/wp\/v2\/pages\/9618\/revisions\/10445"}],"wp:featuredmedia":[{"embeddable":true,"href":"https:\/\/www.tomatex.cz\/en\/wp-json\/wp\/v2\/media\/9317"}],"wp:attachment":[{"href":"https:\/\/www.tomatex.cz\/en\/wp-json\/wp\/v2\/media?parent=9618"}],"curies":[{"name":"wp","href":"https:\/\/api.w.org\/{rel}","templated":true}]}}