{"id":9619,"date":"2020-06-29T12:24:57","date_gmt":"2020-06-29T12:24:57","guid":{"rendered":"https:\/\/www.tomatex.cz\/environmentalni-politika\/"},"modified":"2023-07-30T17:01:57","modified_gmt":"2023-07-30T17:01:57","slug":"environmental-policy","status":"publish","type":"page","link":"https:\/\/www.tomatex.cz\/en\/environmental-policy\/","title":{"rendered":"Environmental policy"},"content":{"rendered":"","protected":false},"excerpt":{"rendered":"","protected":false},"author":1,"featured_media":9408,"parent":0,"menu_order":0,"comment_status":"closed","ping_status":"closed","template":"template-dotace.php","meta":{"_acf_changed":false,"footnotes":""},"class_list":["post-9619","page","type-page","status-publish","has-post-thumbnail","hentry"],"acf":[],"yoast_head":"<!-- This site is optimized with the Yoast SEO plugin v27.5 - https:\/\/yoast.com\/product\/yoast-seo-wordpress\/ -->\n<title>We want to protect our environment - Environmental policy | TOMATEX<\/title>\n<meta name=\"description\" content=\"TOMATEX Otrokovice, a.s., is aware that the environment, in which we live, is also affected by our production activities.\" \/>\n<meta name=\"robots\" content=\"index, follow, max-snippet:-1, max-image-preview:large, max-video-preview:-1\" \/>\n<link rel=\"canonical\" href=\"https:\/\/www.tomatex.cz\/en\/environmental-policy\/\" \/>\n<meta property=\"og:locale\" content=\"en_US\" \/>\n<meta property=\"og:type\" content=\"article\" \/>\n<meta property=\"og:title\" content=\"We want to protect our environment - Environmental policy | TOMATEX\" \/>\n<meta property=\"og:description\" content=\"TOMATEX Otrokovice, a.s., is aware that the environment, in which we live, is also affected by our production activities.\" \/>\n<meta property=\"og:url\" content=\"https:\/\/www.tomatex.cz\/en\/environmental-policy\/\" \/>\n<meta property=\"og:site_name\" content=\"Tomatex\" \/>\n<meta property=\"article:modified_time\" content=\"2023-07-30T17:01:57+00:00\" \/>\n<meta property=\"og:image\" content=\"https:\/\/www.tomatex.cz\/wp-content\/uploads\/2020\/06\/iso-news.jpg\" \/>\n\t<meta property=\"og:image:width\" content=\"700\" \/>\n\t<meta property=\"og:image:height\" content=\"700\" \/>\n\t<meta property=\"og:image:type\" content=\"image\/jpeg\" \/>\n<meta name=\"twitter:card\" content=\"summary_large_image\" \/>\n<meta name=\"twitter:title\" content=\"We want to protect our environment - Environmental policy | TOMATEX\" \/>\n<meta name=\"twitter:description\" content=\"TOMATEX Otrokovice, a.s., is aware that the environment, in which we live, is also affected by our production activities.\" \/>\n<meta name=\"twitter:image\" content=\"https:\/\/www.tomatex.cz\/wp-content\/uploads\/2020\/06\/iso-news.jpg\" \/>\n<!-- \/ Yoast SEO plugin. -->","yoast_head_json":{"title":"We want to protect our environment - Environmental policy | TOMATEX","description":"TOMATEX Otrokovice, a.s., is aware that the environment, in which we live, is also affected by our production activities.","robots":{"index":"index","follow":"follow","max-snippet":"max-snippet:-1","max-image-preview":"max-image-preview:large","max-video-preview":"max-video-preview:-1"},"canonical":"https:\/\/www.tomatex.cz\/en\/environmental-policy\/","og_locale":"en_US","og_type":"article","og_title":"We want to protect our environment - Environmental policy | TOMATEX","og_description":"TOMATEX Otrokovice, a.s., is aware that the environment, in which we live, is also affected by our production activities.","og_url":"https:\/\/www.tomatex.cz\/en\/environmental-policy\/","og_site_name":"Tomatex","article_modified_time":"2023-07-30T17:01:57+00:00","og_image":[{"width":700,"height":700,"url":"https:\/\/www.tomatex.cz\/wp-content\/uploads\/2020\/06\/iso-news.jpg","type":"image\/jpeg"}],"twitter_card":"summary_large_image","twitter_title":"We want to protect our environment - Environmental policy | TOMATEX","twitter_description":"TOMATEX Otrokovice, a.s., is aware that the environment, in which we live, is also affected by our production activities.","twitter_image":"https:\/\/www.tomatex.cz\/wp-content\/uploads\/2020\/06\/iso-news.jpg","schema":{"@context":"https:\/\/schema.org","@graph":[{"@type":"WebPage","@id":"https:\/\/www.tomatex.cz\/en\/environmental-policy\/","url":"https:\/\/www.tomatex.cz\/en\/environmental-policy\/","name":"We want to protect our environment - Environmental policy | TOMATEX","isPartOf":{"@id":"https:\/\/www.tomatex.cz\/en\/#website"},"primaryImageOfPage":{"@id":"https:\/\/www.tomatex.cz\/en\/environmental-policy\/#primaryimage"},"image":{"@id":"https:\/\/www.tomatex.cz\/en\/environmental-policy\/#primaryimage"},"thumbnailUrl":"https:\/\/www.tomatex.cz\/wp-content\/uploads\/2019\/10\/pobocka-blur.jpg","datePublished":"2020-06-29T12:24:57+00:00","dateModified":"2023-07-30T17:01:57+00:00","description":"TOMATEX Otrokovice, a.s., is aware that the environment, in which we live, is also affected by our production activities.","breadcrumb":{"@id":"https:\/\/www.tomatex.cz\/en\/environmental-policy\/#breadcrumb"},"inLanguage":"en-US","potentialAction":[{"@type":"ReadAction","target":["https:\/\/www.tomatex.cz\/en\/environmental-policy\/"]}]},{"@type":"ImageObject","inLanguage":"en-US","@id":"https:\/\/www.tomatex.cz\/en\/environmental-policy\/#primaryimage","url":"https:\/\/www.tomatex.cz\/wp-content\/uploads\/2019\/10\/pobocka-blur.jpg","contentUrl":"https:\/\/www.tomatex.cz\/wp-content\/uploads\/2019\/10\/pobocka-blur.jpg","width":1920,"height":319,"caption":"[:en]pobocka-blur[:]"},{"@type":"BreadcrumbList","@id":"https:\/\/www.tomatex.cz\/en\/environmental-policy\/#breadcrumb","itemListElement":[{"@type":"ListItem","position":1,"name":"[:en]Home[:cs]Home[:]","item":"https:\/\/www.tomatex.cz\/en\/"},{"@type":"ListItem","position":2,"name":"Environmental policy"}]},{"@type":"WebSite","@id":"https:\/\/www.tomatex.cz\/en\/#website","url":"https:\/\/www.tomatex.cz\/en\/","name":"Tomatex","description":"Ka\u0161\u00edrov\u00e1n\u00ed, laminace, slepov\u00e1n\u00ed, vysek\u00e1v\u00e1n\u00ed, \u0161it\u00ed pro automotive","potentialAction":[{"@type":"SearchAction","target":{"@type":"EntryPoint","urlTemplate":"https:\/\/www.tomatex.cz\/en\/?s={search_term_string}"},"query-input":{"@type":"PropertyValueSpecification","valueRequired":true,"valueName":"search_term_string"}}],"inLanguage":"en-US"}]}},"_links":{"self":[{"href":"https:\/\/www.tomatex.cz\/en\/wp-json\/wp\/v2\/pages\/9619","targetHints":{"allow":["GET"]}}],"collection":[{"href":"https:\/\/www.tomatex.cz\/en\/wp-json\/wp\/v2\/pages"}],"about":[{"href":"https:\/\/www.tomatex.cz\/en\/wp-json\/wp\/v2\/types\/page"}],"author":[{"embeddable":true,"href":"https:\/\/www.tomatex.cz\/en\/wp-json\/wp\/v2\/users\/1"}],"replies":[{"embeddable":true,"href":"https:\/\/www.tomatex.cz\/en\/wp-json\/wp\/v2\/comments?post=9619"}],"version-history":[{"count":5,"href":"https:\/\/www.tomatex.cz\/en\/wp-json\/wp\/v2\/pages\/9619\/revisions"}],"predecessor-version":[{"id":10244,"href":"https:\/\/www.tomatex.cz\/en\/wp-json\/wp\/v2\/pages\/9619\/revisions\/10244"}],"wp:featuredmedia":[{"embeddable":true,"href":"https:\/\/www.tomatex.cz\/en\/wp-json\/wp\/v2\/media\/9408"}],"wp:attachment":[{"href":"https:\/\/www.tomatex.cz\/en\/wp-json\/wp\/v2\/media?parent=9619"}],"curies":[{"name":"wp","href":"https:\/\/api.w.org\/{rel}","templated":true}]}}