{"id":9620,"date":"2020-06-09T09:22:50","date_gmt":"2020-06-09T09:22:50","guid":{"rendered":"https:\/\/www.tomatex.cz\/dotace-z-evropske-unie\/"},"modified":"2024-01-22T12:00:46","modified_gmt":"2024-01-22T12:00:46","slug":"eu-grants22","status":"publish","type":"page","link":"https:\/\/www.tomatex.cz\/en\/eu-grants22\/","title":{"rendered":"EU Grants"},"content":{"rendered":"","protected":false},"excerpt":{"rendered":"","protected":false},"author":1,"featured_media":9546,"parent":0,"menu_order":0,"comment_status":"closed","ping_status":"closed","template":"template-dotace.php","meta":{"_acf_changed":false,"footnotes":""},"class_list":["post-9620","page","type-page","status-publish","has-post-thumbnail","hentry"],"acf":[],"yoast_head":"<!-- This site is optimized with the Yoast SEO plugin v27.5 - https:\/\/yoast.com\/product\/yoast-seo-wordpress\/ -->\n<title>Innovation in the manufacturing process and products - | TOMATEX<\/title>\n<meta name=\"description\" content=\"Innovation in the manufacturing process and products and Measures to increase energy efficiency at TOMATEX Otrokovice, a.s.\" \/>\n<meta name=\"robots\" content=\"index, follow, max-snippet:-1, max-image-preview:large, max-video-preview:-1\" \/>\n<link rel=\"canonical\" href=\"https:\/\/www.tomatex.cz\/en\/eu-grants22\/\" \/>\n<meta property=\"og:locale\" content=\"en_US\" \/>\n<meta property=\"og:type\" content=\"article\" \/>\n<meta property=\"og:title\" content=\"Innovation in the manufacturing process and products - | TOMATEX\" \/>\n<meta property=\"og:description\" content=\"Inovace v\u00fdrobn\u00edho procesu a v\u00fdrobk\u016f a opat\u0159en\u00ed ke zv\u00fd\u0161en\u00ed energetick\u00e9 \u00fa\u010dinnosti ve spole\u010dnosti TOMATEX Otrokovice, a.s.\" \/>\n<meta property=\"og:url\" content=\"https:\/\/www.tomatex.cz\/en\/eu-grants22\/\" \/>\n<meta property=\"og:site_name\" content=\"Tomatex\" \/>\n<meta property=\"article:modified_time\" content=\"2024-01-22T12:00:46+00:00\" \/>\n<meta property=\"og:image\" content=\"https:\/\/www.tomatex.cz\/wp-content\/uploads\/2017\/07\/sponkovani-2-scaled.jpg\" \/>\n\t<meta property=\"og:image:width\" content=\"2560\" \/>\n\t<meta property=\"og:image:height\" content=\"1920\" \/>\n\t<meta property=\"og:image:type\" content=\"image\/jpeg\" \/>\n<meta name=\"twitter:card\" content=\"summary_large_image\" \/>\n<meta name=\"twitter:title\" content=\"Innovation in the manufacturing process and products - | TOMATEX\" \/>\n<meta name=\"twitter:description\" content=\"Innovation in the manufacturing process and products and Measures to increase energy efficiency at TOMATEX Otrokovice, a.s.\" \/>\n<meta name=\"twitter:image\" content=\"https:\/\/www.tomatex.cz\/wp-content\/uploads\/2017\/07\/sponkovani-2-scaled.jpg\" \/>\n<!-- \/ Yoast SEO plugin. -->","yoast_head_json":{"title":"Innovation in the manufacturing process and products - | TOMATEX","description":"Innovation in the manufacturing process and products and Measures to increase energy efficiency at TOMATEX Otrokovice, a.s.","robots":{"index":"index","follow":"follow","max-snippet":"max-snippet:-1","max-image-preview":"max-image-preview:large","max-video-preview":"max-video-preview:-1"},"canonical":"https:\/\/www.tomatex.cz\/en\/eu-grants22\/","og_locale":"en_US","og_type":"article","og_title":"Innovation in the manufacturing process and products - | TOMATEX","og_description":"Inovace v\u00fdrobn\u00edho procesu a v\u00fdrobk\u016f a opat\u0159en\u00ed ke zv\u00fd\u0161en\u00ed energetick\u00e9 \u00fa\u010dinnosti ve spole\u010dnosti TOMATEX Otrokovice, a.s.","og_url":"https:\/\/www.tomatex.cz\/en\/eu-grants22\/","og_site_name":"Tomatex","article_modified_time":"2024-01-22T12:00:46+00:00","og_image":[{"width":2560,"height":1920,"url":"https:\/\/www.tomatex.cz\/wp-content\/uploads\/2017\/07\/sponkovani-2-scaled.jpg","type":"image\/jpeg"}],"twitter_card":"summary_large_image","twitter_title":"Innovation in the manufacturing process and products - | TOMATEX","twitter_description":"Innovation in the manufacturing process and products and Measures to increase energy efficiency at TOMATEX Otrokovice, a.s.","twitter_image":"https:\/\/www.tomatex.cz\/wp-content\/uploads\/2017\/07\/sponkovani-2-scaled.jpg","schema":{"@context":"https:\/\/schema.org","@graph":[{"@type":"WebPage","@id":"https:\/\/www.tomatex.cz\/en\/eu-grants22\/","url":"https:\/\/www.tomatex.cz\/en\/eu-grants22\/","name":"Innovation in the manufacturing process and products - | TOMATEX","isPartOf":{"@id":"https:\/\/www.tomatex.cz\/en\/#website"},"primaryImageOfPage":{"@id":"https:\/\/www.tomatex.cz\/en\/eu-grants22\/#primaryimage"},"image":{"@id":"https:\/\/www.tomatex.cz\/en\/eu-grants22\/#primaryimage"},"thumbnailUrl":"https:\/\/www.tomatex.cz\/wp-content\/uploads\/2020\/06\/flag_yellow_high_banner.jpg","datePublished":"2020-06-09T09:22:50+00:00","dateModified":"2024-01-22T12:00:46+00:00","description":"Innovation in the manufacturing process and products and Measures to increase energy efficiency at TOMATEX Otrokovice, a.s.","breadcrumb":{"@id":"https:\/\/www.tomatex.cz\/en\/eu-grants22\/#breadcrumb"},"inLanguage":"en-US","potentialAction":[{"@type":"ReadAction","target":["https:\/\/www.tomatex.cz\/en\/eu-grants22\/"]}]},{"@type":"ImageObject","inLanguage":"en-US","@id":"https:\/\/www.tomatex.cz\/en\/eu-grants22\/#primaryimage","url":"https:\/\/www.tomatex.cz\/wp-content\/uploads\/2020\/06\/flag_yellow_high_banner.jpg","contentUrl":"https:\/\/www.tomatex.cz\/wp-content\/uploads\/2020\/06\/flag_yellow_high_banner.jpg","width":1140,"height":300},{"@type":"BreadcrumbList","@id":"https:\/\/www.tomatex.cz\/en\/eu-grants22\/#breadcrumb","itemListElement":[{"@type":"ListItem","position":1,"name":"[:en]Home[:cs]Home[:]","item":"https:\/\/www.tomatex.cz\/en\/"},{"@type":"ListItem","position":2,"name":"EU Grants"}]},{"@type":"WebSite","@id":"https:\/\/www.tomatex.cz\/en\/#website","url":"https:\/\/www.tomatex.cz\/en\/","name":"Tomatex","description":"Ka\u0161\u00edrov\u00e1n\u00ed, laminace, slepov\u00e1n\u00ed, vysek\u00e1v\u00e1n\u00ed, \u0161it\u00ed pro automotive","potentialAction":[{"@type":"SearchAction","target":{"@type":"EntryPoint","urlTemplate":"https:\/\/www.tomatex.cz\/en\/?s={search_term_string}"},"query-input":{"@type":"PropertyValueSpecification","valueRequired":true,"valueName":"search_term_string"}}],"inLanguage":"en-US"}]}},"_links":{"self":[{"href":"https:\/\/www.tomatex.cz\/en\/wp-json\/wp\/v2\/pages\/9620","targetHints":{"allow":["GET"]}}],"collection":[{"href":"https:\/\/www.tomatex.cz\/en\/wp-json\/wp\/v2\/pages"}],"about":[{"href":"https:\/\/www.tomatex.cz\/en\/wp-json\/wp\/v2\/types\/page"}],"author":[{"embeddable":true,"href":"https:\/\/www.tomatex.cz\/en\/wp-json\/wp\/v2\/users\/1"}],"replies":[{"embeddable":true,"href":"https:\/\/www.tomatex.cz\/en\/wp-json\/wp\/v2\/comments?post=9620"}],"version-history":[{"count":2,"href":"https:\/\/www.tomatex.cz\/en\/wp-json\/wp\/v2\/pages\/9620\/revisions"}],"predecessor-version":[{"id":9636,"href":"https:\/\/www.tomatex.cz\/en\/wp-json\/wp\/v2\/pages\/9620\/revisions\/9636"}],"wp:featuredmedia":[{"embeddable":true,"href":"https:\/\/www.tomatex.cz\/en\/wp-json\/wp\/v2\/media\/9546"}],"wp:attachment":[{"href":"https:\/\/www.tomatex.cz\/en\/wp-json\/wp\/v2\/media?parent=9620"}],"curies":[{"name":"wp","href":"https:\/\/api.w.org\/{rel}","templated":true}]}}